{"id":310,"date":"2024-10-19T11:21:08","date_gmt":"2024-10-19T09:21:08","guid":{"rendered":"https:\/\/gembla.sytes.net\/?page_id=310"},"modified":"2024-11-15T16:13:51","modified_gmt":"2024-11-15T15:13:51","slug":"el-mas-alla","status":"publish","type":"page","link":"https:\/\/shivaya.eu\/introduccion\/el-mas-alla\/","title":{"rendered":"El m\u00e1s all\u00e1. (1)"},"content":{"rendered":"\r\n<figure class=\"wp-block-image size-medium\"><img loading=\"lazy\" decoding=\"async\" class=\"wp-image-409 alignleft\" src=\"https:\/\/shivaya.eu\/wp-content\/uploads\/2024\/11\/universo003-300x198.jpg\" alt=\"\" width=\"515\" height=\"340\" srcset=\"https:\/\/shivaya.eu\/wp-content\/uploads\/2024\/11\/universo003-300x198.jpg 300w, https:\/\/shivaya.eu\/wp-content\/uploads\/2024\/11\/universo003-1024x677.jpg 1024w, https:\/\/shivaya.eu\/wp-content\/uploads\/2024\/11\/universo003-768x508.jpg 768w, https:\/\/shivaya.eu\/wp-content\/uploads\/2024\/11\/universo003.jpg 1280w\" sizes=\"auto, (max-width: 515px) 100vw, 515px\" \/><\/figure>\r\n\r\n\r\n\r\n<p>\u00bfQu\u00e9 es el m\u00e1s all\u00e1?.<\/p>\r\n\r\n\r\n\r\n<p>\u00bfExiste el m\u00e1s all\u00e1?.<\/p>\r\n\r\n\r\n\r\n<p>Comienzo un tema que ha preocupado a muchas personas a lo largo de la existencia de la humanidad.<\/p>\r\n\r\n\r\n\r\n<p>El poder pensar nos ha hecho hacernos preguntas que no tienen una respuesta f\u00e1cil, dado que no hay pruebas f\u00edsicas que respalden las respuestas.<\/p>\r\n\r\n\r\n\r\n<p>Y como yo soy capaz de pensar (al igual que todo aquella persona que lea \u00e9sto), voy a poner mis ideas aqu\u00ed, para intentar explic\u00e1rmelas, y, si alguien quiere, tener quiz\u00e1s un nuevo punto de vista sobre ello, o contestar al tema con sus pensamientos o ideas propios.<\/p>\r\n\r\n\r\n\r\n<p>Repito, son mis ideas, no es una verdad incontestable, por lo que se puede estar de acuerdo o no con el tema.<\/p>\r\n\r\n\r\n\r\n<p>&nbsp;<\/p>\r\n\r\n\r\n\r\n<p>Pero, comenzemos, primero me hago una pregunta: \u00bf existe el m\u00e1s all\u00e1 ?. Se me ocurren tres posibles respuestas :<\/p>\r\n\r\n\r\n\r\n<ol class=\"wp-block-list\">\r\n<li>\r\n<ol class=\"wp-block-list\">\r\n<li>\u00a0<span style=\"color: #ff00ff;\">NO<\/span>, el m\u00e1s all\u00e1 no existe. S\u00f3lo hay esta vida, y no hay nada m\u00e1s.<\/li>\r\n\r\n\r\n\r\n<li><span style=\"color: #ff00ff;\">PUEDE<\/span>, quiz\u00e1s si existe, o quiz\u00e1s no, no estoy seguro.<\/li>\r\n\r\n\r\n\r\n<li><span style=\"color: #ff00ff;\">SI<\/span>, el m\u00e1s all\u00e1 existe, hay algo m\u00e1s que esta existencia.<\/li>\r\n<\/ol>\r\n<\/li>\r\n<\/ol>\r\n\r\n\r\n\r\n<p>Si la respuesta es la 1, ya podemos dejar el tema e ir a otra ocupaci\u00f3n, al menos mientras estemos vivos.<\/p>\r\n\r\n\r\n\r\n<p>Si la respuesta es la 2, es porque planteamos dudas sobre nuestra existencia y lo que puede haber adem\u00e1s de ella, y entonces es cuando hemos de comenzar a pensar en las posibilidades que ello representa, entre ellas, que s\u00ed hay algo m\u00e1s.<\/p>\r\n\r\n\r\n\r\n<p>Y si la respuesta es la 3, estamos en la fase por la que existe este tema, que es a lo que voy.<\/p>\r\n\r\n\r\n\r\n<p class=\"has-text-align-right\"><em>Si quieres seguir leyendo, pasa a la <span style=\"color: #ff00ff;\"><a style=\"color: #ff00ff;\" href=\"https:\/\/shivaya.eu\/introduccion\/el-mas-alla-2\/\" data-type=\"page\" data-id=\"323\">p\u00e1gina 2<\/a><\/span><\/em><\/p>\r\n","protected":false},"excerpt":{"rendered":"<p>\u00bfQu\u00e9 es el m\u00e1s all\u00e1?. \u00bfExiste el m\u00e1s all\u00e1?. Comienzo un tema que ha preocupado a muchas personas a lo largo de la existencia de la humanidad. El poder pensar&hellip;<\/p>\n","protected":false},"author":3,"featured_media":0,"parent":0,"menu_order":0,"comment_status":"closed","ping_status":"closed","template":"","meta":{"footnotes":""},"class_list":["post-310","page","type-page","status-publish","hentry"],"_links":{"self":[{"href":"https:\/\/shivaya.eu\/introduccion\/wp-json\/wp\/v2\/pages\/310","targetHints":{"allow":["GET"]}}],"collection":[{"href":"https:\/\/shivaya.eu\/introduccion\/wp-json\/wp\/v2\/pages"}],"about":[{"href":"https:\/\/shivaya.eu\/introduccion\/wp-json\/wp\/v2\/types\/page"}],"author":[{"embeddable":true,"href":"https:\/\/shivaya.eu\/introduccion\/wp-json\/wp\/v2\/users\/3"}],"replies":[{"embeddable":true,"href":"https:\/\/shivaya.eu\/introduccion\/wp-json\/wp\/v2\/comments?post=310"}],"version-history":[{"count":5,"href":"https:\/\/shivaya.eu\/introduccion\/wp-json\/wp\/v2\/pages\/310\/revisions"}],"predecessor-version":[{"id":486,"href":"https:\/\/shivaya.eu\/introduccion\/wp-json\/wp\/v2\/pages\/310\/revisions\/486"}],"wp:attachment":[{"href":"https:\/\/shivaya.eu\/introduccion\/wp-json\/wp\/v2\/media?parent=310"}],"curies":[{"name":"wp","href":"https:\/\/api.w.org\/{rel}","templated":true}]}}