{"id":323,"date":"2024-10-19T12:11:35","date_gmt":"2024-10-19T10:11:35","guid":{"rendered":"https:\/\/gembla.sytes.net\/?page_id=323"},"modified":"2025-01-04T12:54:35","modified_gmt":"2025-01-04T11:54:35","slug":"el-mas-alla-2","status":"publish","type":"page","link":"https:\/\/shivaya.eu\/introduccion\/el-mas-alla-2\/","title":{"rendered":"El m\u00e1s all\u00e1. (2)"},"content":{"rendered":"\r\n<figure class=\"wp-block-image size-medium\"><img loading=\"lazy\" decoding=\"async\" width=\"300\" height=\"300\" class=\"wp-image-389 alignleft\" src=\"https:\/\/shivaya.eu\/wp-content\/uploads\/2024\/11\/hombreuniverso-300x300.jpg\" alt=\"\" srcset=\"https:\/\/shivaya.eu\/wp-content\/uploads\/2024\/11\/hombreuniverso-300x300.jpg 300w, https:\/\/shivaya.eu\/wp-content\/uploads\/2024\/11\/hombreuniverso-1024x1024.jpg 1024w, https:\/\/shivaya.eu\/wp-content\/uploads\/2024\/11\/hombreuniverso-150x150.jpg 150w, https:\/\/shivaya.eu\/wp-content\/uploads\/2024\/11\/hombreuniverso-768x768.jpg 768w, https:\/\/shivaya.eu\/wp-content\/uploads\/2024\/11\/hombreuniverso.jpg 1280w\" sizes=\"auto, (max-width: 300px) 100vw, 300px\" \/><\/figure>\r\n\r\n<p>Miramos el mundo, el universo, desde nuestra perspectiva humana.<\/p>\r\n<p>Y creemos que todo lo que existe est\u00e1 ah\u00ed, porque es lo que vemos.<\/p>\r\n<p>Pero, \u00bf es verdad ?.<\/p>\r\n<p>&nbsp;<\/p>\r\n<p>Veamos un ejemplo. No colocamos de espaldas al sol, y entonces si miramos delante de nosotros veremos nuestra sombra:<\/p>\r\n<p><img loading=\"lazy\" decoding=\"async\" class=\"size-medium wp-image-402 alignleft\" src=\"https:\/\/shivaya.eu\/wp-content\/uploads\/2024\/11\/sombra001-300x199.jpg\" alt=\"\" width=\"300\" height=\"199\" srcset=\"https:\/\/shivaya.eu\/wp-content\/uploads\/2024\/11\/sombra001-300x199.jpg 300w, https:\/\/shivaya.eu\/wp-content\/uploads\/2024\/11\/sombra001-1024x680.jpg 1024w, https:\/\/shivaya.eu\/wp-content\/uploads\/2024\/11\/sombra001-768x510.jpg 768w, https:\/\/shivaya.eu\/wp-content\/uploads\/2024\/11\/sombra001.jpg 1280w\" sizes=\"auto, (max-width: 300px) 100vw, 300px\" \/><\/p>\r\n<p>\u00bf Existe el sol, o lo que existe es la sombra ?<\/p>\r\n<p>Si nos damos la vuelta, ya no hay sombra, veremos el sol.<\/p>\r\n<p>Pero d\u00e9monos otra vez la vuelta, y examinemos lo que vemos.<\/p>\r\n<p>Nuestra sombra.<\/p>\r\n<p>Partimos de la idea de que el sol si existe, porque lo podemos ver, as\u00ed que la sombra tiene que existir, porque tambi\u00e9n la podemos ver. \u00bf O no es as\u00ed ?.<\/p>\r\n<p>Miremos esta espiral:<\/p>\r\n<p><img loading=\"lazy\" decoding=\"async\" class=\"alignnone size-full wp-image-508\" src=\"https:\/\/shivaya.eu\/wp-content\/uploads\/2024\/11\/circulo-o-espiral-300x225-1.jpg\" alt=\"\" width=\"300\" height=\"225\" \/><\/p>\r\n<p>Est\u00e1 bien, &#8230; pero, \u00bf es una espiral,\u00a0 o nos enga\u00f1a nuestra vista ?.<\/p>\r\n<p>Fij\u00e9monos bien, y son varios c\u00edculos que hacen el efecto de que hay una espiral. La vista y el cerebro nos enga\u00f1an.<\/p>\r\n<p>Con todo \u00e9sto, hemos de llegar a la conclusi\u00f3n de que nuestros sentidos no nos hacen percibir lo que existe, sino la parte que ellos permiten que percibamos.<\/p>\r\n<p style=\"text-align: right;\"><em>Si quieres seguir leyendo, pasa a la <span style=\"color: #ff0000;\"><a style=\"color: #ff0000;\" href=\"https:\/\/shivaya.eu\/introduccion\/el-mas-alla-3\/\">p\u00e1gina 3\u00a0<\/a><\/span><\/em><\/p>","protected":false},"excerpt":{"rendered":"<p>Miramos el mundo, el universo, desde nuestra perspectiva humana. Y creemos que todo lo que existe est\u00e1 ah\u00ed, porque es lo que vemos. Pero, \u00bf es verdad ?. &nbsp; Veamos&hellip;<\/p>\n","protected":false},"author":3,"featured_media":0,"parent":0,"menu_order":0,"comment_status":"closed","ping_status":"closed","template":"","meta":{"footnotes":""},"class_list":["post-323","page","type-page","status-publish","hentry"],"_links":{"self":[{"href":"https:\/\/shivaya.eu\/introduccion\/wp-json\/wp\/v2\/pages\/323","targetHints":{"allow":["GET"]}}],"collection":[{"href":"https:\/\/shivaya.eu\/introduccion\/wp-json\/wp\/v2\/pages"}],"about":[{"href":"https:\/\/shivaya.eu\/introduccion\/wp-json\/wp\/v2\/types\/page"}],"author":[{"embeddable":true,"href":"https:\/\/shivaya.eu\/introduccion\/wp-json\/wp\/v2\/users\/3"}],"replies":[{"embeddable":true,"href":"https:\/\/shivaya.eu\/introduccion\/wp-json\/wp\/v2\/comments?post=323"}],"version-history":[{"count":13,"href":"https:\/\/shivaya.eu\/introduccion\/wp-json\/wp\/v2\/pages\/323\/revisions"}],"predecessor-version":[{"id":536,"href":"https:\/\/shivaya.eu\/introduccion\/wp-json\/wp\/v2\/pages\/323\/revisions\/536"}],"wp:attachment":[{"href":"https:\/\/shivaya.eu\/introduccion\/wp-json\/wp\/v2\/media?parent=323"}],"curies":[{"name":"wp","href":"https:\/\/api.w.org\/{rel}","templated":true}]}}