{"id":339,"date":"2024-10-19T16:56:22","date_gmt":"2024-10-19T14:56:22","guid":{"rendered":"https:\/\/gembla.sytes.net\/?page_id=339"},"modified":"2025-01-04T12:49:31","modified_gmt":"2025-01-04T11:49:31","slug":"el-mas-alla-3","status":"publish","type":"page","link":"https:\/\/shivaya.eu\/introduccion\/el-mas-alla-3\/","title":{"rendered":"El m\u00e1s all\u00e1 (3)"},"content":{"rendered":"\r\n<p>Y llegamos al meollo de la cuesti\u00f3n.<\/p>\r\n\r\n\r\n\r\n<p>Si existe el m\u00e1s all\u00e1 (y yo creo que si, a la vista de lo explicado anteriormente), estamos en un mundo de paso, camino de otro lugar (?) .<\/p>\r\n\r\n\r\n\r\n<p>Pero, \u00bfc\u00f3mo es ese otro lugar?. Aqu\u00ed, ahora, voy a imaginarlo. No puedo (ni creo que nadie pueda) explicar c\u00f3mo es.<\/p>\r\n\r\n\r\n\r\n<p>Pienso que hay algo o alguien que ha hecho que todo exista (no quiero entrar en disquisiciones sobre la Creaci\u00f3n en la biblia, ni similares), pero, si somos energ\u00eda, y seg\u00fan la f\u00edsica la energ\u00eda no desaparece, sino que se transforma, nosotros, al final del camino, nos transformaremos en algo diferente de lo que somos ahora.<\/p>\r\n\r\n\r\n\r\n<p>Supongamos que la energ\u00eda propia (alma, esp\u00edritu, &#8230;) se transforma al fin en algo nuevo, o vuelve a algo que ya exist\u00eda antes de nosotros. Entonces, \u00bfqu\u00e9 seremos?. Alguien dijo una vez:<\/p>\r\n\r\n<figure class=\"wp-block-image size-large is-resized\"><img loading=\"lazy\" decoding=\"async\" width=\"576\" height=\"1024\" class=\"wp-image-526 alignleft\" style=\"width: 264px; height: auto;\" src=\"https:\/\/shivaya.eu\/wp-content\/uploads\/2025\/01\/20151115_124428-576x1024.jpg\" alt=\"\" srcset=\"https:\/\/shivaya.eu\/wp-content\/uploads\/2025\/01\/20151115_124428-576x1024.jpg 576w, https:\/\/shivaya.eu\/wp-content\/uploads\/2025\/01\/20151115_124428-169x300.jpg 169w, https:\/\/shivaya.eu\/wp-content\/uploads\/2025\/01\/20151115_124428-768x1365.jpg 768w, https:\/\/shivaya.eu\/wp-content\/uploads\/2025\/01\/20151115_124428-864x1536.jpg 864w, https:\/\/shivaya.eu\/wp-content\/uploads\/2025\/01\/20151115_124428.jpg 900w\" sizes=\"auto, (max-width: 576px) 100vw, 576px\" \/><\/figure>\r\n<p>&nbsp;<\/p>\r\n<p>&nbsp;<\/p>\r\n<p>&nbsp;<\/p>\r\n<p>&nbsp;<\/p>\r\n<p>&nbsp;<\/p>\r\n<p>\u00ab<span style=\"color: #0000ff;\">Cada cual es un ser espiritual viviendo una experiencia humana<\/span>\u00ab.<\/p>\r\n<p>&nbsp;<\/p>\r\n<p>&nbsp;<\/p>\r\n<p>&nbsp;<\/p>\r\n\r\n<p>&nbsp;<\/p>\r\n\r\n\r\n\r\n<p>&nbsp;<\/p>\r\n<p>&nbsp;<\/p>\r\n<p>&nbsp;<\/p>\r\n<p>Con lo cual, despu\u00e9s, seguiremos siendo los mismos, pero de otra forma.<\/p>\r\n\r\n\r\n\r\n<p style=\"text-align: right;\"><span style=\"color: #3366ff;\">Continuar\u00e1<\/span><\/p>\r\n","protected":false},"excerpt":{"rendered":"<p>Y llegamos al meollo de la cuesti\u00f3n. Si existe el m\u00e1s all\u00e1 (y yo creo que si, a la vista de lo explicado anteriormente), estamos en un mundo de paso,&hellip;<\/p>\n","protected":false},"author":3,"featured_media":0,"parent":0,"menu_order":0,"comment_status":"closed","ping_status":"closed","template":"","meta":{"footnotes":""},"class_list":["post-339","page","type-page","status-publish","hentry"],"_links":{"self":[{"href":"https:\/\/shivaya.eu\/introduccion\/wp-json\/wp\/v2\/pages\/339","targetHints":{"allow":["GET"]}}],"collection":[{"href":"https:\/\/shivaya.eu\/introduccion\/wp-json\/wp\/v2\/pages"}],"about":[{"href":"https:\/\/shivaya.eu\/introduccion\/wp-json\/wp\/v2\/types\/page"}],"author":[{"embeddable":true,"href":"https:\/\/shivaya.eu\/introduccion\/wp-json\/wp\/v2\/users\/3"}],"replies":[{"embeddable":true,"href":"https:\/\/shivaya.eu\/introduccion\/wp-json\/wp\/v2\/comments?post=339"}],"version-history":[{"count":7,"href":"https:\/\/shivaya.eu\/introduccion\/wp-json\/wp\/v2\/pages\/339\/revisions"}],"predecessor-version":[{"id":533,"href":"https:\/\/shivaya.eu\/introduccion\/wp-json\/wp\/v2\/pages\/339\/revisions\/533"}],"wp:attachment":[{"href":"https:\/\/shivaya.eu\/introduccion\/wp-json\/wp\/v2\/media?parent=339"}],"curies":[{"name":"wp","href":"https:\/\/api.w.org\/{rel}","templated":true}]}}